{"id":2169,"date":"2018-07-08T03:13:48","date_gmt":"2018-07-08T03:13:48","guid":{"rendered":"http:\/\/tf.themedraft.com\/wp\/xzopro\/?page_id=20"},"modified":"2024-09-22T22:09:14","modified_gmt":"2024-09-22T19:09:14","slug":"contact","status":"publish","type":"page","link":"http:\/\/dnbbilisim.com\/?page_id=2169","title":{"rendered":"\u0130leti\u015fim"},"content":{"rendered":"<p>[vc_row css=&#8221;.vc_custom_1529464820242{padding-top: 92px !important;}&#8221;][vc_column]\n        <div class=\"section-title-wrapper \" style=\"color: #505050\">\n            <div class=\"row text-center\">\n                <div class=\"col-xl-6 offset-xl-3 col-lg-8 offset-lg-2 col-md-10 offset-md-1\">  \n                    <h2 class=\"section-title\" style=\"color:#e80b0b\">Bizimle ileti\u015fim kurun<\/h2>\n                    <ul class=\"title-shape no-list-style text-center\">\n                        <li style=\"background: #e80b0b\"><\/li>\n                        <li style=\"background: #e80b0b\"><\/li>\n                        <li style=\"background: #e80b0b\"><\/li>\n                    <\/ul>\n                    <p>H\u0131zl\u0131 geri d\u00f6n\u00fc\u015f\u00fcn ve \u00e7\u00f6z\u00fcm\u00fcn fark\u0131n\u0131 ya\u015famak i\u00e7in<\/p>\n\n                <\/div>\n            <\/div>   \n        <\/div>\n    [vc_row_inner css=&#8221;.vc_custom_1530364944779{padding-bottom: 100px !important;}&#8221;][vc_column_inner width=&#8221;5\/12&#8243;]\n        <div class=\"contact-info-box \" style=\"background-color: #000000\">\n            <div class=\"contact-info-content\" style=\"color: #ebebeb\">\n                <ul class=\"no-list-style\"><li><i style=\"color: #0a6db7\" class=\"flaticon-xzopro-placeholder\"><\/i> <span  style=\"color: #0a6db7\">Adres : <\/span><p>\u0130NKILAP MH. DR. ADNAN B\u00dcY\u00dcKDENIZ CD.<br \/>\nCESAS PLAZA NO: 4 \/ 22 34768<br \/>\n\u00dcMRAN\u0130YE\/ ISTANBUL<\/p>\n<\/li><li><i style=\"color: #0a6db7\" class=\"flaticon-xzopro-phone-call\"><\/i> <span  style=\"color: #0a6db7\">Telefon : <\/span><p>0216 807 06 16<\/p>\n<\/li><li><i style=\"color: #0a6db7\" class=\"flaticon-xzopro-email\"><\/i> <span  style=\"color: #0a6db7\">Mail adresimiz : <\/span><p>info@dnbbilisim.com<\/p>\n<\/li><li><i style=\"color: #0a6db7\" class=\"flaticon-xzopro-clock-2\"><\/i> <span  style=\"color: #0a6db7\">\u00c7al\u0131\u015fma Zamanlar\u0131 : <\/span><p>7\/24<\/p>\n<\/li>\n                <\/ul>\n            <\/div>\n        <\/div>\n    [\/vc_column_inner][vc_column_inner width=&#8221;7\/12&#8243;]<div role=\"form\" class=\"wpcf7\" id=\"wpcf7-f170-o1\" lang=\"en-US\" dir=\"ltr\">\n<div class=\"screen-reader-response\"><\/div>\n<form action=\"\/index.php?rest_route=%2Fwp%2Fv2%2Fpages%2F2169#wpcf7-f170-o1\" method=\"post\" class=\"wpcf7-form\" novalidate=\"novalidate\">\n<div style=\"display: none;\">\n<input type=\"hidden\" name=\"_wpcf7\" value=\"170\" \/>\n<input type=\"hidden\" name=\"_wpcf7_version\" value=\"5.1.6\" \/>\n<input type=\"hidden\" name=\"_wpcf7_locale\" value=\"en_US\" \/>\n<input type=\"hidden\" name=\"_wpcf7_unit_tag\" value=\"wpcf7-f170-o1\" \/>\n<input type=\"hidden\" name=\"_wpcf7_container_post\" value=\"0\" \/>\n<\/div>\n<div class=\"xzopro-contact-form-1\">\n<div class=\"row\">\n<div class=\"col-lg-6\">\n            <span class=\"wpcf7-form-control-wrap sendertext\"><input type=\"text\" name=\"sendertext\" value=\"\" size=\"40\" class=\"wpcf7-form-control wpcf7-text wpcf7-validates-as-required\" aria-required=\"true\" aria-invalid=\"false\" placeholder=\"Ad\u0131n\u0131z Soyad\u0131n\u0131z*\" \/><\/span>\n        <\/div>\n<div class=\"col-lg-6\">\n            <span class=\"wpcf7-form-control-wrap posta\"><input type=\"email\" name=\"posta\" value=\"\" size=\"40\" class=\"wpcf7-form-control wpcf7-text wpcf7-email wpcf7-validates-as-required wpcf7-validates-as-email\" aria-required=\"true\" aria-invalid=\"false\" placeholder=\"E-mail*\" \/><\/span>\n        <\/div>\n<div class=\"col-lg-12\">\n            <span class=\"wpcf7-form-control-wrap sendermobile\"><input type=\"text\" name=\"sendermobile\" value=\"\" size=\"40\" class=\"wpcf7-form-control wpcf7-text\" aria-invalid=\"false\" placeholder=\"Telefon Numaran\u0131z\" \/><\/span>\n        <\/div>\n<div class=\"col-lg-12\">\n            <span class=\"wpcf7-form-control-wrap sendermessage\"><textarea name=\"sendermessage\" cols=\"40\" rows=\"10\" class=\"wpcf7-form-control wpcf7-textarea wpcf7-validates-as-required\" aria-required=\"true\" aria-invalid=\"false\" placeholder=\"Mesaj\u0131n\u0131z*\"><\/textarea><\/span>\n        <\/div>\n<div class=\"col-lg-12\">\n            <input type=\"submit\" value=\"G\u00f6nder\" class=\"wpcf7-form-control wpcf7-submit\" \/>\n        <\/div><\/div>\n<\/div>\n<div class=\"wpcf7-response-output wpcf7-display-none\"><\/div><\/form><\/div>[\/vc_column_inner][\/vc_row_inner][\/vc_column][\/vc_row][vc_row full_width=&#8221;stretch_row_content_no_spaces&#8221;][vc_column]\n        <div class=\"xzopro-googlemap\" id=\"xzopro-googlemap382797082\" style=\"height:450px; width:100%\"><\/div>\n        <script src=\"https:\/\/maps.googleapis.com\/maps\/api\/js?key=AIzaSyC2C8f8o6WClCSdqEo1ja1ihKv_CzX4S00\"><\/script>\n\n        <script>\n        var locations382797082 = [[\"Khulna Branch<br>Shonadanga main road<br>Khulna 9100\", 41.031523,29.113034],];\n        var mapcenter382797082={lat:41.031523,lng:29.113034};\n\n        function initialize() {\n            var xzopromap382797082 = {\n                center:mapcenter382797082,\n                zoom: 16,\n                mapTypeId:google.maps.MapTypeId.ROADMAP\n            };\n\n            var map=new google.maps.Map(document.getElementById(\"xzopro-googlemap382797082\"),xzopromap382797082);\n\n            var infowindow = new google.maps.InfoWindow();\n\n            var marker, i;\n\n            for (i = 0; i < locations382797082.length; i++){  \n                marker = new google.maps.Marker({\n                    position: new google.maps.LatLng(locations382797082[i][1], locations382797082[i][2]),\n                    icon:\"http:\/\/dnbbilisim.com\/wp-content\/uploads\/2018\/07\/marker.png\",animation:google.maps.Animation.BOUNCE,\n                    map: map\n                });\n\n                var infowindow = new google.maps.InfoWindow({\n                  content: locations382797082[i][0],\n                  maxWidth: 160\n                });\n            google.maps.event.addListener(marker, \"click\", (function(marker, i) {\n                return function() {\n                    infowindow.setContent(locations382797082[i][0]);\n                    infowindow.open(map, marker);\n                }\n            })(marker, i));\n        \n            }\n            marker.setMap(map);\n              \n        }\n\n        google.maps.event.addDomListener(window, \"load\", initialize); <\/script>\n    [\/vc_column][\/vc_row]<\/p>\n","protected":false},"excerpt":{"rendered":"<p>[vc_row css=&#8221;.vc_custom_1529464820242{padding-top: 92px !important;}&#8221;][vc_column][vc_row_inner css=&#8221;.vc_custom_1530364944779{padding-bottom: 100px !important;}&#8221;][vc_column_inner width=&#8221;5\/12&#8243;][\/vc_column_inner][vc_column_inner width=&#8221;7\/12&#8243;][\/vc_column_inner][\/vc_row_inner][\/vc_column][\/vc_row][vc_row full_width=&#8221;stretch_row_content_no_spaces&#8221;][vc_column][\/vc_column][\/vc_row]<\/p>\n","protected":false},"author":1,"featured_media":0,"parent":0,"menu_order":0,"comment_status":"closed","ping_status":"closed","template":"","meta":[],"_links":{"self":[{"href":"http:\/\/dnbbilisim.com\/index.php?rest_route=\/wp\/v2\/pages\/2169"}],"collection":[{"href":"http:\/\/dnbbilisim.com\/index.php?rest_route=\/wp\/v2\/pages"}],"about":[{"href":"http:\/\/dnbbilisim.com\/index.php?rest_route=\/wp\/v2\/types\/page"}],"author":[{"embeddable":true,"href":"http:\/\/dnbbilisim.com\/index.php?rest_route=\/wp\/v2\/users\/1"}],"replies":[{"embeddable":true,"href":"http:\/\/dnbbilisim.com\/index.php?rest_route=%2Fwp%2Fv2%2Fcomments&post=2169"}],"version-history":[{"count":7,"href":"http:\/\/dnbbilisim.com\/index.php?rest_route=\/wp\/v2\/pages\/2169\/revisions"}],"predecessor-version":[{"id":2362,"href":"http:\/\/dnbbilisim.com\/index.php?rest_route=\/wp\/v2\/pages\/2169\/revisions\/2362"}],"wp:attachment":[{"href":"http:\/\/dnbbilisim.com\/index.php?rest_route=%2Fwp%2Fv2%2Fmedia&parent=2169"}],"curies":[{"name":"wp","href":"https:\/\/api.w.org\/{rel}","templated":true}]}}