{"id":31,"date":"2018-07-08T03:16:09","date_gmt":"2018-07-08T03:16:09","guid":{"rendered":"http:\/\/tf.themedraft.com\/wp\/xzopro\/?page_id=31"},"modified":"2020-04-19T17:44:34","modified_gmt":"2020-04-19T14:44:34","slug":"about-us","status":"publish","type":"page","link":"http:\/\/dnbbilisim.com\/?page_id=31","title":{"rendered":"Hakk\u0131m\u0131zda"},"content":{"rendered":"<p>[vc_row full_width=&#8221;stretch_row&#8221; css=&#8221;.vc_custom_1534942783644{padding-top: 100px !important;padding-bottom: 65px !important;}&#8221;][vc_column]\n        <div class=\"twbi-wrapper \">        \n            <div class=\"row\">        \n                    <div class=\"col-lg-6 col-md-6\">\n                        <div class=\"border-image-wrap img-left\">\n                            <div class=\"border-image-wrap-border\" style=\"background: #e80b0b\"><\/div>\n                            <img src=\"http:\/\/dnbbilisim.com\/wp-content\/uploads\/2018\/07\/about-us-1-530x355.jpg\" alt=\"\">\n                        <\/div>\n                    <\/div>\n                <div class=\"col-lg-6 col-md-6\">\n                    <div class=\"twbi-text\">\n                        <h1 style=\"color:#e80b0b\">dnb bili\u015fim ile siz dikkatinizi i\u015finize verirken, altyap\u0131n\u0131z en etkin \u015fekilde \u00e7al\u0131\u015f\u0131r.<\/h1>\n                        dnb bili\u015fim olarak, gen\u00e7 ve dinamik ekibimiz ile m\u00fc\u015fterilerimizin bak\u0131\u015f a\u00e7\u0131s\u0131ndan projeleri de\u011ferlendiriyor, en do\u011fru en iyi yat\u0131r\u0131m\u0131 yapmalar\u0131n\u0131 sa\u011fl\u0131yoruz.<\/p>\n<p>S\u00fcrekli daha iyiyi yapma vizyonumuzla \u00e7al\u0131\u015ft\u0131\u011f\u0131m\u0131z kurumlara de\u011fer kat\u0131yoruz.<\/p>\n<p>Proaktif servis anlay\u0131\u015f\u0131m\u0131z ile kesintisiz altyap\u0131lar hedefliyoruz.\n                    <\/div>\n                <\/div>\n            <\/div>\n        <\/div>\n    [\/vc_column][\/vc_row][vc_row full_width=&#8221;stretch_row&#8221; disable_element=&#8221;yes&#8221; css=&#8221;.vc_custom_1579121923117{padding-top: 95px !important;padding-bottom: 65px !important;background-color: #f7f7f7 !important;}&#8221;][vc_column width=&#8221;1\/2&#8243;]\n        <div class=\"twb-wrapper \"><h4 style=\"color: #0a6db7\">More Than<\/h4>\n            <h1 style=\"color: #0a6db7\">25 Years of Experience<\/h1>\n            <div class=\"twb-content-text\" style=\"color: #505050\">\n                There are many variations of passages of Lorem Ipsum available but the majority the have suffered alteration in some form by injected humour oringis randomised<\/p>\n<p>There are many variations of passages of Lorem Ipsum available but the majority the have suffered alteration in some form by injected humour oringis randomised<\/p>\n<p>There are many variations of passages of Lorem Ipsum available but the majority the have suffered alteration in some form by injected humour oringis randomised words and which don&#8217;t look even slightly believable.\n            <\/div>\n            \n            <div class=\"twb-btn\">\n                 <a href=\"#\" class=\"xzopro-btn fill-btn\">Our History<\/a>\n            <\/div>\n           \n        <\/div>\n    [\/vc_column][vc_column width=&#8221;1\/2&#8243;][vc_single_image image=&#8221;402&#8243; img_size=&#8221;full&#8221;][\/vc_column][\/vc_row][vc_row disable_element=&#8221;yes&#8221; css=&#8221;.vc_custom_1579121947577{padding-top: 92px !important;padding-bottom: 70px !important;}&#8221;][vc_column]\n        <div class=\"section-title-wrapper \" style=\"color: #505050\">\n            <div class=\"row text-center\">\n                <div class=\"col-xl-6 offset-xl-3 col-lg-8 offset-lg-2 col-md-10 offset-md-1\">  \n                    <h2 class=\"section-title\" style=\"color:#0a6db7\">Meet Our Best Team<\/h2>\n                    <ul class=\"title-shape no-list-style text-center\">\n                        <li style=\"background: #0a6db7\"><\/li>\n                        <li style=\"background: #0a6db7\"><\/li>\n                        <li style=\"background: #0a6db7\"><\/li>\n                    <\/ul>\n                    <p>There are many variations of pasages Lorem available, but the majority have sufered alteration in some form or randomised even<\/p>\n\n                <\/div>\n            <\/div>   \n        <\/div>\n    [vc_row_inner disable_element=&#8221;yes&#8221;][vc_column_inner width=&#8221;1\/3&#8243;]\n        <div class=\"single-team-member text-center \">\n            <div class=\"member-image\">\n                <img src=\"http:\/\/dnbbilisim.com\/wp-content\/uploads\/2018\/07\/team3-200x200.png\" alt=\"\">\n            <\/div>\n            \n            <div class=\"member-content\">\n                <h4>Michale Joe<\/h4>\n                <p>Salse Executive<\/p>\n            <\/div>        \n                <div class=\"member-icons\">\n                    <ul class=\"no-list-style\">\n                                <li><a href=\"#\"><i class=\"fa fa-facebook\"><\/i><\/a><\/li>\n                                \n                                <li><a href=\"#\"><i class=\"fa fa-twitter\"><\/i><\/a><\/li>\n                                \n                                <li><a href=\"#\"><i class=\"fa fa-linkedin\"><\/i><\/a><\/li>\n                                \n                                <li><a href=\"#\"><i class=\"fa fa-pinterest-p\"><\/i><\/a><\/li>\n                                                \n                    <\/ul>\n                <\/div>\n        <\/div>\n    [\/vc_column_inner][vc_column_inner width=&#8221;1\/3&#8243;]\n        <div class=\"single-team-member text-center \">\n            <div class=\"member-image\">\n                <img src=\"http:\/\/dnbbilisim.com\/wp-content\/uploads\/2018\/07\/team-1-200x200.png\" alt=\"\">\n            <\/div>\n            \n            <div class=\"member-content\">\n                <h4>Jasmin Jerry<\/h4>\n                <p>Salse Executive<\/p>\n            <\/div>        \n                <div class=\"member-icons\">\n                    <ul class=\"no-list-style\">\n                                <li><a href=\"#\"><i class=\"fa fa-facebook\"><\/i><\/a><\/li>\n                                \n                                <li><a href=\"#\"><i class=\"fa fa-twitter\"><\/i><\/a><\/li>\n                                \n                                <li><a href=\"#\"><i class=\"fa fa-linkedin\"><\/i><\/a><\/li>\n                                \n                                <li><a href=\"#\"><i class=\"fa fa-pinterest-p\"><\/i><\/a><\/li>\n                                                \n                    <\/ul>\n                <\/div>\n        <\/div>\n    [\/vc_column_inner][vc_column_inner width=&#8221;1\/3&#8243;]\n        <div class=\"single-team-member text-center \">\n            <div class=\"member-image\">\n                <img src=\"\" alt=\"\">\n            <\/div>\n            \n            <div class=\"member-content\">\n                <h4>Michale Hussy<\/h4>\n                <p>Salse Executive<\/p>\n            <\/div>        \n                <div class=\"member-icons\">\n                    <ul class=\"no-list-style\">\n                                <li><a href=\"#\"><i class=\"fa fa-facebook\"><\/i><\/a><\/li>\n                                \n                                <li><a href=\"#\"><i class=\"fa fa-twitter\"><\/i><\/a><\/li>\n                                \n                                <li><a href=\"#\"><i class=\"fa fa-linkedin\"><\/i><\/a><\/li>\n                                \n                                <li><a href=\"#\"><i class=\"fa fa-pinterest-p\"><\/i><\/a><\/li>\n                                                \n                    <\/ul>\n                <\/div>\n        <\/div>\n    [\/vc_column_inner][\/vc_row_inner][\/vc_column][\/vc_row][vc_row full_width=&#8221;stretch_row&#8221; disable_element=&#8221;yes&#8221; css=&#8221;.vc_custom_1579121964421{padding-top: 92px !important;padding-bottom: 63px !important;background-color: #f7f7f7 !important;}&#8221; el_id=&#8221;nadimkhan&#8221;][vc_column]\n        <div class=\"section-title-wrapper \" style=\"color: #505050\">\n            <div class=\"row text-center\">\n                <div class=\"col-xl-6 offset-xl-3 col-lg-8 offset-lg-2 col-md-10 offset-md-1\">  \n                    <h2 class=\"section-title\" style=\"color:#0a6db7\">Awesome Team Skills<\/h2>\n                    <ul class=\"title-shape no-list-style text-center\">\n                        <li style=\"background: #0a6db7\"><\/li>\n                        <li style=\"background: #0a6db7\"><\/li>\n                        <li style=\"background: #0a6db7\"><\/li>\n                    <\/ul>\n                    <p>There are many variations of pasages Lorem available, but the majority have sufered alteration in some form or randomised even<\/p>\n\n                <\/div>\n            <\/div>   \n        <\/div>\n    [vc_row_inner][vc_column_inner width=&#8221;1\/2&#8243;]<div class=\"progress-wrapper  \"><div class=\"skill-wrapper\" style=\"color: #444444\"><div class=\"skill-title\">MARKETING<\/div><div class=\"skillbar\" data-percent=\"98%\" style=\"background: #bbbbbb; border-color: #bbbbbb;\">\n                        <div class=\"progress-fill-bar\" style=\"background: #444444;\">\n                            <div class=\"skill-percent-count-wrap\"><span class=\"skill-percent-count\">98<\/span>%<\/div>\n                        \n                        <\/div>\n                    <\/div>             \n                <\/div>\n            <div class=\"skill-wrapper\" style=\"color: #444444\"><div class=\"skill-title\">BUSINESS LOAN<\/div><div class=\"skillbar\" data-percent=\"90%\" style=\"background: #bbbbbb; border-color: #bbbbbb;\">\n                        <div class=\"progress-fill-bar\" style=\"background: #444444;\">\n                            <div class=\"skill-percent-count-wrap\"><span class=\"skill-percent-count\">90<\/span>%<\/div>\n                        \n                        <\/div>\n                    <\/div>             \n                <\/div>\n            <div class=\"skill-wrapper\" style=\"color: #444444\"><div class=\"skill-title\">INVESTMENT<\/div><div class=\"skillbar\" data-percent=\"85%\" style=\"background: #bbbbbb; border-color: #bbbbbb;\">\n                        <div class=\"progress-fill-bar\" style=\"background: #444444;\">\n                            <div class=\"skill-percent-count-wrap\"><span class=\"skill-percent-count\">85<\/span>%<\/div>\n                        \n                        <\/div>\n                    <\/div>             \n                <\/div>\n            <div class=\"skill-wrapper\" style=\"color: #444444\"><div class=\"skill-title\">FINANCIAL ADVICE<\/div><div class=\"skillbar\" data-percent=\"70%\" style=\"background: #bbbbbb; border-color: #bbbbbb;\">\n                        <div class=\"progress-fill-bar\" style=\"background: #444444;\">\n                            <div class=\"skill-percent-count-wrap\"><span class=\"skill-percent-count\">70<\/span>%<\/div>\n                        \n                        <\/div>\n                    <\/div>             \n                <\/div>\n            <div class=\"skill-wrapper\" style=\"color: #444444\"><div class=\"skill-title\">Consulting<\/div><div class=\"skillbar\" data-percent=\"90%\" style=\"background: #bbbbbb; border-color: #bbbbbb;\">\n                        <div class=\"progress-fill-bar\" style=\"background: #444444;\">\n                            <div class=\"skill-percent-count-wrap\"><span class=\"skill-percent-count\">90<\/span>%<\/div>\n                        \n                        <\/div>\n                    <\/div>             \n                <\/div>\n            <\/div>[\/vc_column_inner][vc_column_inner width=&#8221;1\/2&#8243;][vc_single_image image=&#8221;437&#8243; img_size=&#8221;full&#8221; css=&#8221;.vc_custom_1535111692590{padding-left: 30px !important;}&#8221; el_class=&#8221;progress-img&#8221;][\/vc_column_inner][\/vc_row_inner][\/vc_column][\/vc_row][vc_row full_width=&#8221;stretch_row&#8221; css=&#8221;.vc_custom_1534942749749{background-image: url(http:\/\/tf.themedraft.com\/wp\/xzopro\/wp-content\/uploads\/2018\/08\/videobg.jpg?id=383) !important;background-position: center !important;background-repeat: no-repeat !important;background-size: cover !important;}&#8221;][vc_column]\n        <div class=\"video-popup-content vc_custom_1579122068751\">\n            <div class=\"row\">\n                <div class=\"col-lg-8 offset-lg-2 col-md-10 offset-md-1 text-center\">\n                    \n                    <a class=\"mfp-iframe video-play-button\" href=\"https:\/\/www.youtube.com\/watch?v=zlRl8sJU_4I\">\n                        <i class=\"fa fa-play\"><\/i>\n                    <\/a><h1>Tan\u0131t\u0131m Videomuz<\/h1><p>Projelerimizden Kesitler<\/p>\n\n                    \n                <\/div>\n            <\/div>\n        <\/div>\n    [\/vc_column][\/vc_row][vc_row full_width=&#8221;stretch_row&#8221; css=&#8221;.vc_custom_1534939723558{padding-top: 40px !important;padding-bottom: 30px !important;background-color: #f7f7f7 !important;}&#8221;][vc_column]\n\t\t<script>\n\t\t\tjQuery(window).load(function(){\n\t\t\t\tjQuery(\"#xzopro-client-80368680\").owlCarousel({\n\t\t\t\t\tloop:true,\n\t\t\t\t    nav:false,\n\t\t\t\t    smartSpeed:1000,\n\t\t\t\t    margin: 30,\t\t    \n\t\t\t\t    dots: false,\n\t\t\t\t    autoplay:true,\n\t\t\t\t    autoplayTimeout: 3000,\n\t\t\t\t    responsive:{\n\t\t\t\t    \t0:{\n\t\t\t\t    \t\titems: 2\n\t\t\t\t    \t},\n\t\t\t\t    \t480:{\n\t\t\t\t    \t\titems: 3\n\t\t\t\t    \t},\n\t\t\t\t    \t768:{\n\t\t\t\t    \t\titems: 4\n\t\t\t\t    \t},\n\t\t\t\t    \t992:{\n\t\t\t\t    \t\titems: 5\n\t\t\t\t    \t}\n\t\t\t\t    }\n\t\t\t\t});\n\t\t\t});\n\t\t<\/script>\n\n\t\t<div id=\"xzopro-client-80368680\" class=\"xzopro-client owl-carousel \">\n\t\n\t\t\t<div class=\"single-logo-box\" style=\"height:100px\">\n\t\t\t\t<div class=\"single-brand-logo\">\n\t\t\t\t\t<img src=\"http:\/\/dnbbilisim.com\/wp-content\/uploads\/2019\/01\/veeam.jpg\" alt=\"\">\n\t\t\t\t<\/div>\n\t\t\t<\/div>\n\t\t\n\t\t\t<div class=\"single-logo-box\" style=\"height:100px\">\n\t\t\t\t<div class=\"single-brand-logo\">\n\t\t\t\t\t<img src=\"http:\/\/dnbbilisim.com\/wp-content\/uploads\/2019\/01\/vmware.jpg\" alt=\"\">\n\t\t\t\t<\/div>\n\t\t\t<\/div>\n\t\t\n\t\t\t<div class=\"single-logo-box\" style=\"height:100px\">\n\t\t\t\t<div class=\"single-brand-logo\">\n\t\t\t\t\t<img src=\"http:\/\/dnbbilisim.com\/wp-content\/uploads\/2019\/01\/fortinet.jpg\" alt=\"\">\n\t\t\t\t<\/div>\n\t\t\t<\/div>\n\t\t\n\t\t\t<div class=\"single-logo-box\" style=\"height:100px\">\n\t\t\t\t<div class=\"single-brand-logo\">\n\t\t\t\t\t<img src=\"http:\/\/dnbbilisim.com\/wp-content\/uploads\/2019\/01\/2160.jpg\" alt=\"\">\n\t\t\t\t<\/div>\n\t\t\t<\/div>\n\t\t\n\t\t\t<div class=\"single-logo-box\" style=\"height:100px\">\n\t\t\t\t<div class=\"single-brand-logo\">\n\t\t\t\t\t<img src=\"http:\/\/dnbbilisim.com\/wp-content\/uploads\/2019\/01\/hikon.jpg\" alt=\"\">\n\t\t\t\t<\/div>\n\t\t\t<\/div>\n\t\t\n\t\t\t<div class=\"single-logo-box\" style=\"height:100px\">\n\t\t\t\t<div class=\"single-brand-logo\">\n\t\t\t\t\t<img src=\"http:\/\/dnbbilisim.com\/wp-content\/uploads\/2019\/01\/microsoft.jpg\" alt=\"\">\n\t\t\t\t<\/div>\n\t\t\t<\/div>\n\t\t\n\t\t\t<div class=\"single-logo-box\" style=\"height:100px\">\n\t\t\t\t<div class=\"single-brand-logo\">\n\t\t\t\t\t<img src=\"http:\/\/dnbbilisim.com\/wp-content\/uploads\/2019\/01\/samsungk.jpg\" alt=\"\">\n\t\t\t\t<\/div>\n\t\t\t<\/div>\n\t\t\n\t\t\t<div class=\"single-logo-box\" style=\"height:100px\">\n\t\t\t\t<div class=\"single-brand-logo\">\n\t\t\t\t\t<img src=\"http:\/\/dnbbilisim.com\/wp-content\/uploads\/2019\/01\/r740.jpg\" alt=\"\">\n\t\t\t\t<\/div>\n\t\t\t<\/div>\n\t\t\n\t\t\t<div class=\"single-logo-box\" style=\"height:100px\">\n\t\t\t\t<div class=\"single-brand-logo\">\n\t\t\t\t\t<img src=\"http:\/\/dnbbilisim.com\/wp-content\/uploads\/2019\/01\/ipkamera.jpg\" alt=\"\">\n\t\t\t\t<\/div>\n\t\t\t<\/div>\n\t\t\n\t\t\t<div class=\"single-logo-box\" style=\"height:100px\">\n\t\t\t\t<div class=\"single-brand-logo\">\n\t\t\t\t\t<img src=\"http:\/\/dnbbilisim.com\/wp-content\/uploads\/2019\/01\/videokonf.jpg\" alt=\"\">\n\t\t\t\t<\/div>\n\t\t\t<\/div>\n\t\t\n\t\t\t<div class=\"single-logo-box\" style=\"height:100px\">\n\t\t\t\t<div class=\"single-brand-logo\">\n\t\t\t\t\t<img src=\"http:\/\/dnbbilisim.com\/wp-content\/uploads\/2019\/01\/netgear.jpg\" alt=\"\">\n\t\t\t\t<\/div>\n\t\t\t<\/div>\n\t\t\n\t\t\t<div class=\"single-logo-box\" style=\"height:100px\">\n\t\t\t\t<div class=\"single-brand-logo\">\n\t\t\t\t\t<img src=\"http:\/\/dnbbilisim.com\/wp-content\/uploads\/2019\/01\/fortiwifi.jpg\" alt=\"\">\n\t\t\t\t<\/div>\n\t\t\t<\/div>\n\t\t\n\t\t\t<div class=\"single-logo-box\" style=\"height:100px\">\n\t\t\t\t<div class=\"single-brand-logo\">\n\t\t\t\t\t<img src=\"http:\/\/dnbbilisim.com\/wp-content\/uploads\/2019\/01\/dahua.jpg\" alt=\"\">\n\t\t\t\t<\/div>\n\t\t\t<\/div>\n\t\t\n\t\t\t<div class=\"single-logo-box\" style=\"height:100px\">\n\t\t\t\t<div class=\"single-brand-logo\">\n\t\t\t\t\t<img src=\"http:\/\/dnbbilisim.com\/wp-content\/uploads\/2019\/01\/2170.jpg\" alt=\"\">\n\t\t\t\t<\/div>\n\t\t\t<\/div>\n\t\t\n\t\t<\/div>\n    [\/vc_column][\/vc_row]<\/p>\n","protected":false},"excerpt":{"rendered":"<p>[vc_row full_width=&#8221;stretch_row&#8221; css=&#8221;.vc_custom_1534942783644{padding-top: 100px !important;padding-bottom: 65px !important;}&#8221;][vc_column][\/vc_column][\/vc_row][vc_row full_width=&#8221;stretch_row&#8221; disable_element=&#8221;yes&#8221; css=&#8221;.vc_custom_1579121923117{padding-top: 95px !important;padding-bottom: 65px !important;background-color: #f7f7f7 !important;}&#8221;][vc_column width=&#8221;1\/2&#8243;][\/vc_column][vc_column width=&#8221;1\/2&#8243;][vc_single_image image=&#8221;402&#8243; img_size=&#8221;full&#8221;][\/vc_column][\/vc_row][vc_row disable_element=&#8221;yes&#8221; css=&#8221;.vc_custom_1579121947577{padding-top: 92px !important;padding-bottom: 70px !important;}&#8221;][vc_column][vc_row_inner disable_element=&#8221;yes&#8221;][vc_column_inner width=&#8221;1\/3&#8243;][\/vc_column_inner][vc_column_inner width=&#8221;1\/3&#8243;][\/vc_column_inner][vc_column_inner width=&#8221;1\/3&#8243;][\/vc_column_inner][\/vc_row_inner][\/vc_column][\/vc_row][vc_row full_width=&#8221;stretch_row&#8221; disable_element=&#8221;yes&#8221; css=&#8221;.vc_custom_1579121964421{padding-top: 92px !important;padding-bottom: 63px !important;background-color: #f7f7f7 !important;}&#8221; el_id=&#8221;nadimkhan&#8221;][vc_column][vc_row_inner][vc_column_inner width=&#8221;1\/2&#8243;][\/vc_column_inner][vc_column_inner width=&#8221;1\/2&#8243;][vc_single_image image=&#8221;437&#8243; img_size=&#8221;full&#8221; css=&#8221;.vc_custom_1535111692590{padding-left: 30px !important;}&#8221; el_class=&#8221;progress-img&#8221;][\/vc_column_inner][\/vc_row_inner][\/vc_column][\/vc_row][vc_row full_width=&#8221;stretch_row&#8221; css=&#8221;.vc_custom_1534942749749{background-image: url(http:\/\/tf.themedraft.com\/wp\/xzopro\/wp-content\/uploads\/2018\/08\/videobg.jpg?id=383) !important;background-position: center !important;background-repeat: no-repeat [&hellip;]<\/p>\n","protected":false},"author":1,"featured_media":0,"parent":0,"menu_order":0,"comment_status":"closed","ping_status":"closed","template":"","meta":[],"_links":{"self":[{"href":"http:\/\/dnbbilisim.com\/index.php?rest_route=\/wp\/v2\/pages\/31"}],"collection":[{"href":"http:\/\/dnbbilisim.com\/index.php?rest_route=\/wp\/v2\/pages"}],"about":[{"href":"http:\/\/dnbbilisim.com\/index.php?rest_route=\/wp\/v2\/types\/page"}],"author":[{"embeddable":true,"href":"http:\/\/dnbbilisim.com\/index.php?rest_route=\/wp\/v2\/users\/1"}],"replies":[{"embeddable":true,"href":"http:\/\/dnbbilisim.com\/index.php?rest_route=%2Fwp%2Fv2%2Fcomments&post=31"}],"version-history":[{"count":5,"href":"http:\/\/dnbbilisim.com\/index.php?rest_route=\/wp\/v2\/pages\/31\/revisions"}],"predecessor-version":[{"id":2344,"href":"http:\/\/dnbbilisim.com\/index.php?rest_route=\/wp\/v2\/pages\/31\/revisions\/2344"}],"wp:attachment":[{"href":"http:\/\/dnbbilisim.com\/index.php?rest_route=%2Fwp%2Fv2%2Fmedia&parent=31"}],"curies":[{"name":"wp","href":"https:\/\/api.w.org\/{rel}","templated":true}]}}